{"id":1349,"date":"2025-10-17T11:55:18","date_gmt":"2025-10-17T09:55:18","guid":{"rendered":"http:\/\/www.medical-tt.com\/?page_id=1349"},"modified":"2025-10-17T11:55:19","modified_gmt":"2025-10-17T09:55:19","slug":"contact","status":"publish","type":"page","link":"https:\/\/medical-tt.com\/en\/contact\/","title":{"rendered":"Contact"},"content":{"rendered":"\n<div class=\"wp-block-stackable-hero stk-block-hero stk-block stk-200374a stk-block-background is-style-default stk--has-background-overlay\" data-v=\"2\" data-block-id=\"200374a\"><style>.stk-200374a-inner-blocks{justify-content:center !important;}.stk-200374a {background-color:#ffffff !important;background-image:url(https:\/\/www.medical-tt.com\/wp-content\/uploads\/2020\/04\/131381778_m.jpg) !important;border-top-left-radius:50px !important;border-top-right-radius:50px !important;border-bottom-right-radius:50px !important;border-bottom-left-radius:50px !important;overflow:hidden !important;box-shadow:0 5px 30px -10px #123f524d !important;}.stk-200374a:before{background-color:#ffffff !important;opacity:0.8 !important;}.stk-200374a .stk-block-hero__content{min-height:20vh !important;}<\/style><div class=\"stk-block-hero__content stk-content-align stk-200374a-column stk-container stk-200374a-container stk--no-background stk--no-padding\"><div class=\"stk-block-content stk-inner-blocks has-text-align-center stk--column-flex stk-200374a-inner-blocks\">\n<div class=\"wp-block-stackable-heading stk-block-heading stk-block-heading--v2 stk-block stk-88afae8\" id=\"contact\" data-block-id=\"88afae8\"><style>.stk-88afae8 {margin-bottom:0px !important;}<\/style><h1 class=\"stk-block-heading__text\">Contact<\/h1><\/div>\n\n\n\n<div class=\"wp-block-stackable-subtitle stk-block-subtitle stk-block stk-d926cff\" data-block-id=\"d926cff\"><p class=\"stk-block-subtitle__text stk-subtitle has-text-align-center\">MTT GmbH &#8211; Medical Technologies made in Germany<\/p><\/div>\n<\/div><\/div><\/div>\n\n\n\n<div class=\"wp-block-stackable-columns stk-block-columns stk-block stk-e6e052a\" data-block-id=\"e6e052a\"><div class=\"stk-row stk-inner-blocks stk-block-content stk-content-align stk-e6e052a-column\">\n<div class=\"wp-block-stackable-column stk-block-column stk-column stk-block stk-9221610\" data-v=\"4\" data-block-id=\"9221610\"><style>@media screen and (min-width:690px){.stk-9221610 {flex:var(--stk-flex-grow, 1) 1 33.3% !important;}}<\/style><div class=\"stk-column-wrapper stk-block-column__content stk-container stk-9221610-container stk--no-background stk--no-padding\"><div class=\"stk-block-content stk-inner-blocks stk-9221610-inner-blocks\">\n<p><strong>Adress:<\/strong><\/p>\n\n\n\n<p>MTT GmbH<br>Boecklerstra\u00dfe 26<br>21339 L\u00fcneburg<br>Germany<\/p>\n\n\n\n<p><strong>Phone:<\/strong><\/p>\n\n\n\n<p>L\u00fcneburg: +49 (0) 4131 72 70 199<\/p>\n\n\n\n<p><strong>E-Mail:<\/strong><\/p>\n\n\n\n<p>Info@medical-tt.com<\/p>\n<\/div><\/div><\/div>\n\n\n\n<div class=\"wp-block-stackable-column stk-block-column stk-column stk-block stk-07e823d\" data-v=\"4\" data-block-id=\"07e823d\"><style>@media screen and (min-width:690px){.stk-07e823d {flex:var(--stk-flex-grow, 1) 1 66.7% !important;}}<\/style><div class=\"stk-column-wrapper stk-block-column__content stk-container stk-07e823d-container stk--no-background stk--no-padding\"><div class=\"stk-block-content stk-inner-blocks stk-07e823d-inner-blocks\">\n<div class=\"wp-block-stackable-map stk-block-map stk-block stk-2907935\" data-block-id=\"2907935\"><iframe title=\"Embedded content from Google Maps Platform.\" src=\"about:blank\" style=\"border:0;width:100%;max-width:none;max-height:none;height:100%;\" aria-hidden=\"false\" tabIndex=\"0\" allowfullscreen=\"\" loading=\"lazy\" frameBorder=\"0\" class=\"lazyload\" data-src=\"https:\/\/maps.google.com\/maps?q=Boecklerstra\u00dfe L\u00fcneburg MTT&#038;t=&#038;z=12&#038;ie=UTF8&#038;output=embed\"><\/iframe><\/div>\n<\/div><\/div><\/div>\n<\/div><\/div>\n\n\n<link rel='stylesheet' id='formidable-css' href='https:\/\/www.medical-tt.com\/wp-content\/plugins\/formidable\/css\/formidableforms.css?ver=4231030' media='all' \/>\n<div class=\"frm_forms  with_frm_style frm_style_mtt-style\" id=\"frm_form_1_container\" >\n<form enctype=\"multipart\/form-data\" method=\"post\" class=\"frm-show-form linkedin-track frm_pro_form \" id=\"form_contact-form\" >\n<div class=\"frm_form_fields \">\n<fieldset>\n<legend class=\"frm_screen_reader\">Contact Us<\/legend>\r\n<h3 class=\"frm_form_title\">Contact Us<\/h3>\r\n<div class=\"frm_fields_container\">\n<input type=\"hidden\" name=\"frm_action\" value=\"create\" \/>\n<input type=\"hidden\" name=\"form_id\" value=\"1\" \/>\n<input type=\"hidden\" name=\"frm_hide_fields_1\" id=\"frm_hide_fields_1\" value=\"\" \/>\n<input type=\"hidden\" name=\"form_key\" value=\"contact-form\" \/>\n<input type=\"hidden\" name=\"item_meta[0]\" value=\"\" \/>\n<input type=\"hidden\" id=\"frm_submit_entry_1\" name=\"frm_submit_entry_1\" value=\"ba056e4f19\" \/><input type=\"hidden\" name=\"_wp_http_referer\" value=\"\/en\/wp-json\/wp\/v2\/pages\/1349\" \/><div id=\"frm_field_1_container\" class=\"frm_form_field form-field  frm_required_field frm_top_container frm_first frm_half\">\r\n    <label for=\"field_qh4icy\" id=\"field_qh4icy_label\" class=\"frm_primary_label\">Name\r\n        <span class=\"frm_required\" aria-hidden=\"true\">*<\/span>\r\n    <\/label>\r\n    <input  type=\"text\" id=\"field_qh4icy\" name=\"item_meta[1]\" value=\"\"  data-reqmsg=\"Dieses Feld darf nicht leer sein.\" aria-required=\"true\" data-invmsg=\"Name ist ung\u00fcltig\" aria-invalid=\"false\"   aria-describedby=\"frm_desc_field_qh4icy\" \/>\r\n    <div class=\"frm_description\" id=\"frm_desc_field_qh4icy\">First<\/div>\r\n    \r\n<\/div>\n<div id=\"frm_field_2_container\" class=\"frm_form_field form-field  frm_required_field frm_hidden_container frm_half\">\r\n    <label for=\"field_ocfup1\" id=\"field_ocfup1_label\" class=\"frm_primary_label\">Last\r\n        <span class=\"frm_required\" aria-hidden=\"true\">*<\/span>\r\n    <\/label>\r\n    <input  type=\"text\" id=\"field_ocfup1\" name=\"item_meta[2]\" value=\"\"  data-reqmsg=\"Dieses Feld darf nicht leer sein.\" aria-required=\"true\" data-invmsg=\"Last ist ung\u00fcltig\" aria-invalid=\"false\"   aria-describedby=\"frm_desc_field_ocfup1\" \/>\r\n    <div class=\"frm_description\" id=\"frm_desc_field_ocfup1\">Last<\/div>\r\n    \r\n<\/div>\n<div id=\"frm_field_3_container\" class=\"frm_form_field form-field  frm_required_field frm_top_container frm_full\">\r\n    <label for=\"field_29yf4d\" id=\"field_29yf4d_label\" class=\"frm_primary_label\">Email\r\n        <span class=\"frm_required\" aria-hidden=\"true\">*<\/span>\r\n    <\/label>\r\n    <input type=\"email\" id=\"field_29yf4d\" name=\"item_meta[3]\" value=\"\"  data-reqmsg=\"Dieses Feld darf nicht leer sein.\" aria-required=\"true\" data-invmsg=\"Please enter a valid email address\" aria-invalid=\"false\"  \/>\r\n    \r\n    \r\n<\/div>\n<div id=\"frm_field_4_container\" class=\"frm_form_field form-field  frm_required_field frm_top_container frm_full\">\r\n    <label for=\"field_e6lis6\" id=\"field_e6lis6_label\" class=\"frm_primary_label\">Subject\r\n        <span class=\"frm_required\" aria-hidden=\"true\">*<\/span>\r\n    <\/label>\r\n    <input  type=\"text\" id=\"field_e6lis6\" name=\"item_meta[4]\" value=\"\"  data-reqmsg=\"Dieses Feld darf nicht leer sein.\" aria-required=\"true\" data-invmsg=\"Subject ist ung\u00fcltig\" aria-invalid=\"false\"   \/>\r\n    \r\n    \r\n<\/div>\n<div id=\"frm_field_5_container\" class=\"frm_form_field form-field  frm_required_field frm_top_container frm12 frm_first\">\r\n    <label for=\"field_9jv0r1\" id=\"field_9jv0r1_label\" class=\"frm_primary_label\">Message\r\n        <span class=\"frm_required\" aria-hidden=\"true\">*<\/span>\r\n    <\/label>\r\n    <textarea data-auto-grow=\"1\"  name=\"item_meta[5]\" id=\"field_9jv0r1\" rows=\"5\"  style=\"width:100%\" data-reqmsg=\"Dieses Feld darf nicht leer sein.\" aria-required=\"true\" data-invmsg=\"Message ist ung\u00fcltig\" class=\"auto_width\" aria-invalid=\"false\"  ><\/textarea>\r\n    \r\n    \r\n<\/div>\n<div id=\"frm_field_357_container\" class=\"frm_form_field form-field  frm_required_field frm_top_container frm12 frm_first vertical_radio\">\r\n    <div  id=\"field_87gxm_label\" class=\"frm_primary_label\">I have read and agree to the <a rel=\"nofollow\" target=\"_blank\" href=\"https:\/\/www.medical-tt.com\/language\/en\/data-protection\/\">data protection<\/a>.\r\n        <span class=\"frm_required\" aria-hidden=\"true\">*<\/span>\r\n    <\/div>\r\n    <div class=\"frm_opt_container\" aria-labelledby=\"field_87gxm_label\" role=\"group\">\t\t<div class=\"frm_checkbox\" id=\"frm_checkbox_357-0\">\t\t\t<label  for=\"field_87gxm-0\">\n\t\t\t<input type=\"checkbox\" name=\"item_meta[357][]\" id=\"field_87gxm-0\" value=\"Yes\"  data-reqmsg=\"I have read and agree to the &lt;a rel=&quot;nofollow&quot; target=&quot;_blank&quot; href=&quot;https:\/\/www.medical-tt.com\/language\/en\/data-protection\/&quot;&gt;data protection&lt;\/a&gt;. must not be empty. \/ Dieses Feld darf nicht leer sein.\" data-invmsg=\"I have read and agree to the &lt;a rel=&quot;nofollow&quot; target=&quot;_blank&quot; href=&quot;https:\/\/www.medical-tt.com\/language\/en\/data-protection\/&quot;&gt;data protection&lt;\/a&gt;. is invalid\"   aria-required=\"true\"  \/> Yes<\/label><\/div>\n<\/div>\r\n    \r\n    \r\n<\/div>\n<div id=\"frm_field_612_container\" class=\"frm_form_field form-field \">\r\n\t<div class=\"frm_submit\">\r\n\r\n<button class=\"frm_button_submit frm_final_submit\" type=\"submit\"   formnovalidate=\"formnovalidate\">Senden<\/button>\r\n\r\n\r\n<\/div>\r\n<\/div>\n\t<input type=\"hidden\" name=\"item_key\" value=\"\" \/>\n\t\t\t<div id=\"frm_field_707_container\">\n\t\t\t<label for=\"field_q4xj6\" >\n\t\t\t\tIf you are human, leave this field blank.\t\t\t<\/label>\n\t\t\t<input  id=\"field_q4xj6\" type=\"text\" class=\"frm_form_field form-field frm_verify\" name=\"item_meta[707]\" value=\"\"  \/>\n\t\t<\/div>\n\t\t<input name=\"frm_state\" type=\"hidden\" value=\"jSOG0ne7BMgGgwKX3Yibl1XQfvdnD6n6mV083OE1BKWDOPUK2erPgiqzz4CXCNQm\" \/><\/div>\n<\/fieldset>\n<\/div>\n\n<\/form>\n<\/div>\n","protected":false},"excerpt":{"rendered":"<p>Contact MTT GmbH &#8211; Medical Technologies made in Germany Adress: MTT GmbHBoecklerstra\u00dfe 2621339 L\u00fcneburgGermany Phone: L\u00fcneburg: +49 (0) 4131 72 70 199 E-Mail: Info@medical-tt.com<\/p>\n","protected":false},"author":11,"featured_media":0,"parent":0,"menu_order":9,"comment_status":"closed","ping_status":"closed","template":"","meta":{"_sb_is_suggestion_mode":false,"_sb_show_suggestion_boards":false,"_sb_show_comment_boards":false,"_sb_suggestion_history":"","_sb_update_block_changes":"","footnotes":""},"categories":[],"tags":[],"class_list":["post-1349","page","type-page","status-publish","hentry"],"blocksy_meta":[],"yoast_head":"<!-- This site is optimized with the Yoast SEO plugin v27.4 - https:\/\/yoast.com\/product\/yoast-seo-wordpress\/ -->\n<title>Contact | MTT<\/title>\n<meta name=\"description\" content=\"||| \u27a8 Questions? Contact us: \u260e +49 (0) 4131 - 72 70 199 \u2709 info@medical-tt.com or by contact form. To Data protection MTT Germany \u279c\" \/>\n<meta name=\"robots\" content=\"index, follow, max-snippet:-1, max-image-preview:large, max-video-preview:-1\" \/>\n<link rel=\"canonical\" href=\"https:\/\/medical-tt.com\/en\/contact\/\" \/>\n<meta property=\"og:locale\" content=\"en_US\" \/>\n<meta property=\"og:type\" content=\"article\" \/>\n<meta property=\"og:title\" content=\"Contact | MTT\" \/>\n<meta property=\"og:description\" content=\"||| \u27a8 Questions? Contact us: \u260e +49 (0) 4131 - 72 70 199 \u2709 info@medical-tt.com or by contact form. To Data protection MTT Germany \u279c\" \/>\n<meta property=\"og:url\" content=\"https:\/\/medical-tt.com\/en\/contact\/\" \/>\n<meta property=\"og:site_name\" content=\"MTT\" \/>\n<meta property=\"article:modified_time\" content=\"2025-10-17T09:55:19+00:00\" \/>\n<meta name=\"twitter:card\" content=\"summary_large_image\" \/>\n<meta name=\"twitter:label1\" content=\"Est. reading time\" \/>\n\t<meta name=\"twitter:data1\" content=\"1 minute\" \/>\n<script type=\"application\/ld+json\" class=\"yoast-schema-graph\">{\"@context\":\"https:\\\/\\\/schema.org\",\"@graph\":[{\"@type\":\"WebPage\",\"@id\":\"https:\\\/\\\/medical-tt.com\\\/en\\\/contact\\\/\",\"url\":\"https:\\\/\\\/medical-tt.com\\\/en\\\/contact\\\/\",\"name\":\"Contact | MTT\",\"isPartOf\":{\"@id\":\"https:\\\/\\\/medical-tt.com\\\/en\\\/#website\"},\"datePublished\":\"2025-10-17T09:55:18+00:00\",\"dateModified\":\"2025-10-17T09:55:19+00:00\",\"description\":\"||| \u27a8 Questions? Contact us: \u260e +49 (0) 4131 - 72 70 199 \u2709 info@medical-tt.com or by contact form. To Data protection MTT Germany \u279c\",\"breadcrumb\":{\"@id\":\"https:\\\/\\\/medical-tt.com\\\/en\\\/contact\\\/#breadcrumb\"},\"inLanguage\":\"en-US\",\"potentialAction\":[{\"@type\":\"ReadAction\",\"target\":[\"https:\\\/\\\/medical-tt.com\\\/en\\\/contact\\\/\"]}]},{\"@type\":\"BreadcrumbList\",\"@id\":\"https:\\\/\\\/medical-tt.com\\\/en\\\/contact\\\/#breadcrumb\",\"itemListElement\":[{\"@type\":\"ListItem\",\"position\":1,\"name\":\"Home\",\"item\":\"https:\\\/\\\/www.medical-tt.com\\\/en\\\/\"},{\"@type\":\"ListItem\",\"position\":2,\"name\":\"Contact\"}]},{\"@type\":\"WebSite\",\"@id\":\"https:\\\/\\\/medical-tt.com\\\/en\\\/#website\",\"url\":\"https:\\\/\\\/medical-tt.com\\\/en\\\/\",\"name\":\"MTT\",\"description\":\"More than technology\",\"publisher\":{\"@id\":\"https:\\\/\\\/medical-tt.com\\\/en\\\/#organization\"},\"potentialAction\":[{\"@type\":\"SearchAction\",\"target\":{\"@type\":\"EntryPoint\",\"urlTemplate\":\"https:\\\/\\\/medical-tt.com\\\/en\\\/?s={search_term_string}\"},\"query-input\":{\"@type\":\"PropertyValueSpecification\",\"valueRequired\":true,\"valueName\":\"search_term_string\"}}],\"inLanguage\":\"en-US\"},{\"@type\":\"Organization\",\"@id\":\"https:\\\/\\\/medical-tt.com\\\/en\\\/#organization\",\"name\":\"MTT GmbH\",\"url\":\"https:\\\/\\\/medical-tt.com\\\/en\\\/\",\"logo\":{\"@type\":\"ImageObject\",\"inLanguage\":\"en-US\",\"@id\":\"https:\\\/\\\/medical-tt.com\\\/en\\\/#\\\/schema\\\/logo\\\/image\\\/\",\"url\":\"https:\\\/\\\/www.medical-tt.com\\\/wp-content\\\/uploads\\\/2023\\\/11\\\/Metall-Logo.png\",\"contentUrl\":\"https:\\\/\\\/www.medical-tt.com\\\/wp-content\\\/uploads\\\/2023\\\/11\\\/Metall-Logo.png\",\"width\":90,\"height\":125,\"caption\":\"MTT GmbH\"},\"image\":{\"@id\":\"https:\\\/\\\/medical-tt.com\\\/en\\\/#\\\/schema\\\/logo\\\/image\\\/\"},\"sameAs\":[\"https:\\\/\\\/www.linkedin.com\\\/company\\\/medical-tt\\\/\"]}]}<\/script>\n<!-- \/ Yoast SEO plugin. -->","yoast_head_json":{"title":"Contact | MTT","description":"||| \u27a8 Questions? Contact us: \u260e +49 (0) 4131 - 72 70 199 \u2709 info@medical-tt.com or by contact form. To Data protection MTT Germany \u279c","robots":{"index":"index","follow":"follow","max-snippet":"max-snippet:-1","max-image-preview":"max-image-preview:large","max-video-preview":"max-video-preview:-1"},"canonical":"https:\/\/medical-tt.com\/en\/contact\/","og_locale":"en_US","og_type":"article","og_title":"Contact | MTT","og_description":"||| \u27a8 Questions? Contact us: \u260e +49 (0) 4131 - 72 70 199 \u2709 info@medical-tt.com or by contact form. To Data protection MTT Germany \u279c","og_url":"https:\/\/medical-tt.com\/en\/contact\/","og_site_name":"MTT","article_modified_time":"2025-10-17T09:55:19+00:00","twitter_card":"summary_large_image","twitter_misc":{"Est. reading time":"1 minute"},"schema":{"@context":"https:\/\/schema.org","@graph":[{"@type":"WebPage","@id":"https:\/\/medical-tt.com\/en\/contact\/","url":"https:\/\/medical-tt.com\/en\/contact\/","name":"Contact | MTT","isPartOf":{"@id":"https:\/\/medical-tt.com\/en\/#website"},"datePublished":"2025-10-17T09:55:18+00:00","dateModified":"2025-10-17T09:55:19+00:00","description":"||| \u27a8 Questions? Contact us: \u260e +49 (0) 4131 - 72 70 199 \u2709 info@medical-tt.com or by contact form. To Data protection MTT Germany \u279c","breadcrumb":{"@id":"https:\/\/medical-tt.com\/en\/contact\/#breadcrumb"},"inLanguage":"en-US","potentialAction":[{"@type":"ReadAction","target":["https:\/\/medical-tt.com\/en\/contact\/"]}]},{"@type":"BreadcrumbList","@id":"https:\/\/medical-tt.com\/en\/contact\/#breadcrumb","itemListElement":[{"@type":"ListItem","position":1,"name":"Home","item":"https:\/\/www.medical-tt.com\/en\/"},{"@type":"ListItem","position":2,"name":"Contact"}]},{"@type":"WebSite","@id":"https:\/\/medical-tt.com\/en\/#website","url":"https:\/\/medical-tt.com\/en\/","name":"MTT","description":"More than technology","publisher":{"@id":"https:\/\/medical-tt.com\/en\/#organization"},"potentialAction":[{"@type":"SearchAction","target":{"@type":"EntryPoint","urlTemplate":"https:\/\/medical-tt.com\/en\/?s={search_term_string}"},"query-input":{"@type":"PropertyValueSpecification","valueRequired":true,"valueName":"search_term_string"}}],"inLanguage":"en-US"},{"@type":"Organization","@id":"https:\/\/medical-tt.com\/en\/#organization","name":"MTT GmbH","url":"https:\/\/medical-tt.com\/en\/","logo":{"@type":"ImageObject","inLanguage":"en-US","@id":"https:\/\/medical-tt.com\/en\/#\/schema\/logo\/image\/","url":"https:\/\/www.medical-tt.com\/wp-content\/uploads\/2023\/11\/Metall-Logo.png","contentUrl":"https:\/\/www.medical-tt.com\/wp-content\/uploads\/2023\/11\/Metall-Logo.png","width":90,"height":125,"caption":"MTT GmbH"},"image":{"@id":"https:\/\/medical-tt.com\/en\/#\/schema\/logo\/image\/"},"sameAs":["https:\/\/www.linkedin.com\/company\/medical-tt\/"]}]}},"_links":{"self":[{"href":"https:\/\/medical-tt.com\/en\/wp-json\/wp\/v2\/pages\/1349","targetHints":{"allow":["GET"]}}],"collection":[{"href":"https:\/\/medical-tt.com\/en\/wp-json\/wp\/v2\/pages"}],"about":[{"href":"https:\/\/medical-tt.com\/en\/wp-json\/wp\/v2\/types\/page"}],"author":[{"embeddable":true,"href":"https:\/\/medical-tt.com\/en\/wp-json\/wp\/v2\/users\/11"}],"replies":[{"embeddable":true,"href":"https:\/\/medical-tt.com\/en\/wp-json\/wp\/v2\/comments?post=1349"}],"version-history":[{"count":7,"href":"https:\/\/medical-tt.com\/en\/wp-json\/wp\/v2\/pages\/1349\/revisions"}],"predecessor-version":[{"id":7249,"href":"https:\/\/medical-tt.com\/en\/wp-json\/wp\/v2\/pages\/1349\/revisions\/7249"}],"wp:attachment":[{"href":"https:\/\/medical-tt.com\/en\/wp-json\/wp\/v2\/media?parent=1349"}],"wp:term":[{"taxonomy":"category","embeddable":true,"href":"https:\/\/medical-tt.com\/en\/wp-json\/wp\/v2\/categories?post=1349"},{"taxonomy":"post_tag","embeddable":true,"href":"https:\/\/medical-tt.com\/en\/wp-json\/wp\/v2\/tags?post=1349"}],"curies":[{"name":"wp","href":"https:\/\/api.w.org\/{rel}","templated":true}]}}