{"id":1344,"date":"2023-12-11T13:45:47","date_gmt":"2023-12-11T12:45:47","guid":{"rendered":"http:\/\/www.medical-tt.com\/?page_id=1344"},"modified":"2025-02-03T11:25:24","modified_gmt":"2025-02-03T10:25:24","slug":"imprint","status":"publish","type":"page","link":"https:\/\/medical-tt.com\/en\/imprint\/","title":{"rendered":"Imprint"},"content":{"rendered":"\n<div class=\"wp-block-stackable-heading stk-block-heading stk-block-heading--v2 stk-block stk-a4e4e2e\" id=\"imprint\" data-block-id=\"a4e4e2e\"><h1 class=\"stk-block-heading__text\">Imprint<\/h1><\/div>\n\n\n\n<p><strong>Address<\/strong><strong>:<\/strong><\/p>\n\n\n\n<p>MTT GmbH<br>Boecklerstra\u00dfe 26<br>21339 L\u00fcneburg<\/p>\n\n\n\n<p><strong>Phone:<\/strong><\/p>\n\n\n\n<p>Office L\u00fcneburg: +49 (0) 4131 \u2013 72 70 199<\/p>\n\n\n\n<p><strong>E-Mail:<\/strong><\/p>\n\n\n\n<p>Info@medical-tt.com<\/p>\n\n\n\n<p><strong>Managing Director:<\/strong><\/p>\n\n\n\n<p>Stefan Renckly<\/p>\n\n\n\n<div class=\"wp-block-stackable-heading stk-block-heading stk-block-heading--v2 stk-block stk-3563941\" id=\"commercial-register\" data-block-id=\"3563941\"><h2 class=\"stk-block-heading__text\">Commercial register<\/h2><\/div>\n\n\n\n<p>District Court L\u00fcneburg HRB 205198<\/p>\n\n\n\n<p>VAT Id.: DE296839047<\/p>\n","protected":false},"excerpt":{"rendered":"<p>Imprint Address: MTT GmbHBoecklerstra\u00dfe 2621339 L\u00fcneburg Phone: Office L\u00fcneburg: +49 (0) 4131 \u2013 72 70 199 E-Mail: Info@medical-tt.com Managing Director: Stefan Renckly Commercial register District Court L\u00fcneburg HRB 205198 VAT Id.: DE296839047<\/p>\n","protected":false},"author":5,"featured_media":0,"parent":0,"menu_order":7,"comment_status":"closed","ping_status":"closed","template":"","meta":{"_sb_is_suggestion_mode":false,"_sb_show_suggestion_boards":false,"_sb_show_comment_boards":false,"_sb_suggestion_history":"","_sb_update_block_changes":"","footnotes":""},"categories":[],"tags":[],"class_list":["post-1344","page","type-page","status-publish","hentry"],"blocksy_meta":[],"yoast_head":"<!-- This site is optimized with the Yoast SEO plugin v27.2 - https:\/\/yoast.com\/product\/yoast-seo-wordpress\/ -->\n<title>Imprint | MTT<\/title>\n<meta name=\"description\" content=\"||| \u27a8 Questions? Contact us: \u260e +49 (0) 4133 \u2013 510 185 \u2709 Info@medical-tt.com or by contact form. To Imprint MTT Germany \u279c\" \/>\n<meta name=\"robots\" content=\"index, follow, max-snippet:-1, max-image-preview:large, max-video-preview:-1\" \/>\n<link rel=\"canonical\" href=\"https:\/\/medical-tt.com\/en\/imprint\/\" \/>\n<meta property=\"og:locale\" content=\"en_US\" \/>\n<meta property=\"og:type\" content=\"article\" \/>\n<meta property=\"og:title\" content=\"Imprint | MTT\" \/>\n<meta property=\"og:description\" content=\"||| \u27a8 Questions? Contact us: \u260e +49 (0) 4133 \u2013 510 185 \u2709 Info@medical-tt.com or by contact form. To Imprint MTT Germany \u279c\" \/>\n<meta property=\"og:url\" content=\"https:\/\/medical-tt.com\/en\/imprint\/\" \/>\n<meta property=\"og:site_name\" content=\"MTT\" \/>\n<meta property=\"article:modified_time\" content=\"2025-02-03T10:25:24+00:00\" \/>\n<meta name=\"twitter:card\" content=\"summary_large_image\" \/>\n<meta name=\"twitter:label1\" content=\"Est. reading time\" \/>\n\t<meta name=\"twitter:data1\" content=\"1 minute\" \/>\n<script type=\"application\/ld+json\" class=\"yoast-schema-graph\">{\"@context\":\"https:\/\/schema.org\",\"@graph\":[{\"@type\":\"WebPage\",\"@id\":\"https:\/\/medical-tt.com\/en\/imprint\/\",\"url\":\"https:\/\/medical-tt.com\/en\/imprint\/\",\"name\":\"Imprint | MTT\",\"isPartOf\":{\"@id\":\"https:\/\/medical-tt.com\/en\/#website\"},\"datePublished\":\"2023-12-11T12:45:47+00:00\",\"dateModified\":\"2025-02-03T10:25:24+00:00\",\"description\":\"||| \u27a8 Questions? Contact us: \u260e +49 (0) 4133 \u2013 510 185 \u2709 Info@medical-tt.com or by contact form. To Imprint MTT Germany \u279c\",\"breadcrumb\":{\"@id\":\"https:\/\/medical-tt.com\/en\/imprint\/#breadcrumb\"},\"inLanguage\":\"en-US\",\"potentialAction\":[{\"@type\":\"ReadAction\",\"target\":[\"https:\/\/medical-tt.com\/en\/imprint\/\"]}]},{\"@type\":\"BreadcrumbList\",\"@id\":\"https:\/\/medical-tt.com\/en\/imprint\/#breadcrumb\",\"itemListElement\":[{\"@type\":\"ListItem\",\"position\":1,\"name\":\"Home\",\"item\":\"https:\/\/www.medical-tt.com\/en\/\"},{\"@type\":\"ListItem\",\"position\":2,\"name\":\"Imprint\"}]},{\"@type\":\"WebSite\",\"@id\":\"https:\/\/medical-tt.com\/en\/#website\",\"url\":\"https:\/\/medical-tt.com\/en\/\",\"name\":\"MTT\",\"description\":\"More than technology\",\"publisher\":{\"@id\":\"https:\/\/medical-tt.com\/en\/#organization\"},\"potentialAction\":[{\"@type\":\"SearchAction\",\"target\":{\"@type\":\"EntryPoint\",\"urlTemplate\":\"https:\/\/medical-tt.com\/en\/?s={search_term_string}\"},\"query-input\":{\"@type\":\"PropertyValueSpecification\",\"valueRequired\":true,\"valueName\":\"search_term_string\"}}],\"inLanguage\":\"en-US\"},{\"@type\":\"Organization\",\"@id\":\"https:\/\/medical-tt.com\/en\/#organization\",\"name\":\"MTT GmbH\",\"url\":\"https:\/\/medical-tt.com\/en\/\",\"logo\":{\"@type\":\"ImageObject\",\"inLanguage\":\"en-US\",\"@id\":\"https:\/\/medical-tt.com\/en\/#\/schema\/logo\/image\/\",\"url\":\"https:\/\/www.medical-tt.com\/wp-content\/uploads\/2023\/11\/Metall-Logo.png\",\"contentUrl\":\"https:\/\/www.medical-tt.com\/wp-content\/uploads\/2023\/11\/Metall-Logo.png\",\"width\":90,\"height\":125,\"caption\":\"MTT GmbH\"},\"image\":{\"@id\":\"https:\/\/medical-tt.com\/en\/#\/schema\/logo\/image\/\"},\"sameAs\":[\"https:\/\/www.linkedin.com\/company\/medical-tt\/\"]}]}<\/script>\n<!-- \/ Yoast SEO plugin. -->","yoast_head_json":{"title":"Imprint | MTT","description":"||| \u27a8 Questions? Contact us: \u260e +49 (0) 4133 \u2013 510 185 \u2709 Info@medical-tt.com or by contact form. To Imprint MTT Germany \u279c","robots":{"index":"index","follow":"follow","max-snippet":"max-snippet:-1","max-image-preview":"max-image-preview:large","max-video-preview":"max-video-preview:-1"},"canonical":"https:\/\/medical-tt.com\/en\/imprint\/","og_locale":"en_US","og_type":"article","og_title":"Imprint | MTT","og_description":"||| \u27a8 Questions? Contact us: \u260e +49 (0) 4133 \u2013 510 185 \u2709 Info@medical-tt.com or by contact form. To Imprint MTT Germany \u279c","og_url":"https:\/\/medical-tt.com\/en\/imprint\/","og_site_name":"MTT","article_modified_time":"2025-02-03T10:25:24+00:00","twitter_card":"summary_large_image","twitter_misc":{"Est. reading time":"1 minute"},"schema":{"@context":"https:\/\/schema.org","@graph":[{"@type":"WebPage","@id":"https:\/\/medical-tt.com\/en\/imprint\/","url":"https:\/\/medical-tt.com\/en\/imprint\/","name":"Imprint | MTT","isPartOf":{"@id":"https:\/\/medical-tt.com\/en\/#website"},"datePublished":"2023-12-11T12:45:47+00:00","dateModified":"2025-02-03T10:25:24+00:00","description":"||| \u27a8 Questions? Contact us: \u260e +49 (0) 4133 \u2013 510 185 \u2709 Info@medical-tt.com or by contact form. To Imprint MTT Germany \u279c","breadcrumb":{"@id":"https:\/\/medical-tt.com\/en\/imprint\/#breadcrumb"},"inLanguage":"en-US","potentialAction":[{"@type":"ReadAction","target":["https:\/\/medical-tt.com\/en\/imprint\/"]}]},{"@type":"BreadcrumbList","@id":"https:\/\/medical-tt.com\/en\/imprint\/#breadcrumb","itemListElement":[{"@type":"ListItem","position":1,"name":"Home","item":"https:\/\/www.medical-tt.com\/en\/"},{"@type":"ListItem","position":2,"name":"Imprint"}]},{"@type":"WebSite","@id":"https:\/\/medical-tt.com\/en\/#website","url":"https:\/\/medical-tt.com\/en\/","name":"MTT","description":"More than technology","publisher":{"@id":"https:\/\/medical-tt.com\/en\/#organization"},"potentialAction":[{"@type":"SearchAction","target":{"@type":"EntryPoint","urlTemplate":"https:\/\/medical-tt.com\/en\/?s={search_term_string}"},"query-input":{"@type":"PropertyValueSpecification","valueRequired":true,"valueName":"search_term_string"}}],"inLanguage":"en-US"},{"@type":"Organization","@id":"https:\/\/medical-tt.com\/en\/#organization","name":"MTT GmbH","url":"https:\/\/medical-tt.com\/en\/","logo":{"@type":"ImageObject","inLanguage":"en-US","@id":"https:\/\/medical-tt.com\/en\/#\/schema\/logo\/image\/","url":"https:\/\/www.medical-tt.com\/wp-content\/uploads\/2023\/11\/Metall-Logo.png","contentUrl":"https:\/\/www.medical-tt.com\/wp-content\/uploads\/2023\/11\/Metall-Logo.png","width":90,"height":125,"caption":"MTT GmbH"},"image":{"@id":"https:\/\/medical-tt.com\/en\/#\/schema\/logo\/image\/"},"sameAs":["https:\/\/www.linkedin.com\/company\/medical-tt\/"]}]}},"_links":{"self":[{"href":"https:\/\/medical-tt.com\/en\/wp-json\/wp\/v2\/pages\/1344","targetHints":{"allow":["GET"]}}],"collection":[{"href":"https:\/\/medical-tt.com\/en\/wp-json\/wp\/v2\/pages"}],"about":[{"href":"https:\/\/medical-tt.com\/en\/wp-json\/wp\/v2\/types\/page"}],"author":[{"embeddable":true,"href":"https:\/\/medical-tt.com\/en\/wp-json\/wp\/v2\/users\/5"}],"replies":[{"embeddable":true,"href":"https:\/\/medical-tt.com\/en\/wp-json\/wp\/v2\/comments?post=1344"}],"version-history":[{"count":3,"href":"https:\/\/medical-tt.com\/en\/wp-json\/wp\/v2\/pages\/1344\/revisions"}],"predecessor-version":[{"id":6877,"href":"https:\/\/medical-tt.com\/en\/wp-json\/wp\/v2\/pages\/1344\/revisions\/6877"}],"wp:attachment":[{"href":"https:\/\/medical-tt.com\/en\/wp-json\/wp\/v2\/media?parent=1344"}],"wp:term":[{"taxonomy":"category","embeddable":true,"href":"https:\/\/medical-tt.com\/en\/wp-json\/wp\/v2\/categories?post=1344"},{"taxonomy":"post_tag","embeddable":true,"href":"https:\/\/medical-tt.com\/en\/wp-json\/wp\/v2\/tags?post=1344"}],"curies":[{"name":"wp","href":"https:\/\/api.w.org\/{rel}","templated":true}]}}